{"id":586,"date":"2021-02-13T01:03:59","date_gmt":"2021-02-13T00:03:59","guid":{"rendered":"http:\/\/columbarium.ch\/?page_id=586"},"modified":"2021-07-18T12:26:29","modified_gmt":"2021-07-18T10:26:29","slug":"alles-in-einem-2","status":"publish","type":"page","link":"https:\/\/columbarium.ch\/de\/documentations\/tout-en-un-it\/","title":{"rendered":"alles in einem"},"content":{"rendered":"<p>[et_pb_section fb_built=\u00a0\u00bb1&Prime; _builder_version=\u00a0\u00bb4.8.2&Prime; _module_preset=\u00a0\u00bbdefault\u00a0\u00bb background_enable_color=\u00a0\u00bboff\u00a0\u00bb custom_padding=\u00a0\u00bb16px||4px|||\u00a0\u00bb][et_pb_row _builder_version=\u00a0\u00bb4.8.2&Prime; _module_preset=\u00a0\u00bbdefault\u00a0\u00bb max_width=\u00a0\u00bb2560px\u00a0\u00bb custom_padding=\u00a0\u00bb||0px|||\u00a0\u00bb locked=\u00a0\u00bboff\u00a0\u00bb][et_pb_column type=\u00a0\u00bb4_4&Prime; _builder_version=\u00a0\u00bb4.8.2&Prime; _module_preset=\u00a0\u00bbdefault\u00a0\u00bb][et_pb_text _builder_version=\u00a0\u00bb4.9.7&Prime; _module_preset=\u00a0\u00bbdefault\u00a0\u00bb text_font=\u00a0\u00bb|300|||||||\u00a0\u00bb header_2_font=\u00a0\u00bb|300|||||||\u00a0\u00bb header_2_font_size=\u00a0\u00bb29px\u00a0\u00bb text_orientation=\u00a0\u00bbcenter\u00a0\u00bb custom_margin=\u00a0\u00bb||6px||false|false\u00a0\u00bb hover_enabled=\u00a0\u00bb0&Prime; sticky_enabled=\u00a0\u00bb0&Prime;]<\/p>\n<h2>TOUT&rsquo;EN 1 &#8211; Version italienne<\/h2>\n<p>[\/et_pb_text][\/et_pb_column][\/et_pb_row][et_pb_row _builder_version=\u00a0\u00bb4.8.2&Prime; _module_preset=\u00a0\u00bbdefault\u00a0\u00bb max_width=\u00a0\u00bb2560px\u00a0\u00bb custom_padding=\u00a0\u00bb4px|||||\u00a0\u00bb locked=\u00a0\u00bboff\u00a0\u00bb][et_pb_column type=\u00a0\u00bb4_4&Prime; _builder_version=\u00a0\u00bb4.8.2&Prime; _module_preset=\u00a0\u00bbdefault\u00a0\u00bb][et_pb_divider color=\u00a0\u00bb#402553&Prime; _builder_version=\u00a0\u00bb4.8.2&Prime; _module_preset=\u00a0\u00bbdefault\u00a0\u00bb width=\u00a0\u00bb20%\u00a0\u00bb module_alignment=\u00a0\u00bbcenter\u00a0\u00bb custom_margin=\u00a0\u00bb||17px|||\u00a0\u00bb][\/et_pb_divider][et_pb_code module_id=\u00a0\u00bbdoc-fr\u00a0\u00bb _builder_version=\u00a0\u00bb4.8.2&Prime; _module_preset=\u00a0\u00bbdefault\u00a0\u00bb background_color=\u00a0\u00bb#333355&Prime; custom_margin=\u00a0\u00bb-6px|||||\u00a0\u00bb border_radii=\u00a0\u00bbon|20px|20px|20px|20px\u00a0\u00bb]<div class=\"_df_book df-lite\" id=\"df_670\"  _slug=\"toutenun-it\" data-title=\"toutenun-it\" wpoptions=\"true\" thumbtype=\"\" ><\/div><script class=\"df-shortcode-script\" nowprocket type=\"application\/javascript\">window.option_df_670 = {\"outline\":[],\"autoEnableOutline\":\"false\",\"autoEnableThumbnail\":\"false\",\"overwritePDFOutline\":\"false\",\"direction\":\"1\",\"pageSize\":\"0\",\"source\":\"http:\\\/\\\/columbarium.ch\\\/wp-content\\\/uploads\\\/2021\\\/02\\\/IT-AFRT-Concetto-2-in-1.pdf\",\"wpOptions\":\"true\"}; if(window.DFLIP && window.DFLIP.parseBooks){window.DFLIP.parseBooks();}<\/script>[\/et_pb_code][\/et_pb_column][\/et_pb_row][et_pb_row _builder_version=\u00a0\u00bb4.8.2&Prime; _module_preset=\u00a0\u00bbdefault\u00a0\u00bb max_width=\u00a0\u00bb2560px\u00a0\u00bb locked=\u00a0\u00bboff\u00a0\u00bb][et_pb_column type=\u00a0\u00bb4_4&Prime; _builder_version=\u00a0\u00bb4.8.2&Prime; _module_preset=\u00a0\u00bbdefault\u00a0\u00bb][et_pb_text _builder_version=\u00a0\u00bb4.8.2&Prime; _module_preset=\u00a0\u00bbdefault\u00a0\u00bb text_font=\u00a0\u00bb|300|||||||\u00a0\u00bb header_2_font=\u00a0\u00bb|300|||||||\u00a0\u00bb header_2_font_size=\u00a0\u00bb29px\u00a0\u00bb text_orientation=\u00a0\u00bbcenter\u00a0\u00bb custom_margin=\u00a0\u00bb||6px||false|false\u00a0\u00bb]<\/p>\n<h2>NOS AUTRES CATALOGUES<\/h2>\n<p><span>(cliquez sur le drapeau correspondant au manuel que vous souhaitez consulter)<\/span><\/p>\n<p>[\/et_pb_text][\/et_pb_column][\/et_pb_row][et_pb_row column_structure=\u00a0\u00bb1_3,1_3,1_3&Prime; _builder_version=\u00a0\u00bb4.8.2&Prime; _module_preset=\u00a0\u00bbdefault\u00a0\u00bb width=\u00a0\u00bb40%\u00a0\u00bb module_alignment=\u00a0\u00bbcenter\u00a0\u00bb custom_padding=\u00a0\u00bb0px||55px||false|false\u00a0\u00bb locked=\u00a0\u00bboff\u00a0\u00bb][et_pb_column type=\u00a0\u00bb1_3&Prime; _builder_version=\u00a0\u00bb4.8.2&Prime; _module_preset=\u00a0\u00bbdefault\u00a0\u00bb][et_pb_image src=\u00a0\u00bbhttps:\/\/columbarium.ch\/wp-content\/uploads\/2021\/02\/MANUEL-1.jpg\u00a0\u00bb title_text=\u00a0\u00bbMANUEL-1&Prime; _builder_version=\u00a0\u00bb4.8.2&Prime; _module_preset=\u00a0\u00bbdefault\u00a0\u00bb][\/et_pb_image][et_pb_text _builder_version=\u00a0\u00bb4.8.2&Prime; _module_preset=\u00a0\u00bbdefault\u00a0\u00bb]<\/p>\n<p style=\"text-align: center;\"><a href=\"\/documentations\/columbariums-fr\"><img decoding=\"async\" data-src=\"https:\/\/columbarium.ch\/wp-content\/uploads\/2021\/01\/fr.png\" width=\"55\" height=\"56\" alt=\"\" class=\"wp-image-213 alignnone size-full lazyload\" data-srcset=\"https:\/\/columbarium.ch\/wp-content\/uploads\/2021\/01\/fr.png 274w, https:\/\/columbarium.ch\/wp-content\/uploads\/2021\/01\/fr-150x150.png 150w, https:\/\/columbarium.ch\/wp-content\/uploads\/2021\/01\/fr-12x12.png 12w\" data-sizes=\"(max-width: 55px) 100vw, 55px\" src=\"data:image\/svg+xml;base64,PHN2ZyB3aWR0aD0iMSIgaGVpZ2h0PSIxIiB4bWxucz0iaHR0cDovL3d3dy53My5vcmcvMjAwMC9zdmciPjwvc3ZnPg==\" style=\"--smush-placeholder-width: 55px; --smush-placeholder-aspect-ratio: 55\/56;\" \/><\/a>\u00a0 \u00a0 \u00a0<a href=\"\/documentations\/columbariums-de\"><img decoding=\"async\" data-src=\"https:\/\/columbarium.ch\/wp-content\/uploads\/2021\/01\/de.png\" width=\"55\" height=\"56\" alt=\"\" class=\"wp-image-212 alignnone size-full lazyload\" data-srcset=\"https:\/\/columbarium.ch\/wp-content\/uploads\/2021\/01\/de.png 274w, https:\/\/columbarium.ch\/wp-content\/uploads\/2021\/01\/de-150x150.png 150w, https:\/\/columbarium.ch\/wp-content\/uploads\/2021\/01\/de-12x12.png 12w\" data-sizes=\"(max-width: 55px) 100vw, 55px\" src=\"data:image\/svg+xml;base64,PHN2ZyB3aWR0aD0iMSIgaGVpZ2h0PSIxIiB4bWxucz0iaHR0cDovL3d3dy53My5vcmcvMjAwMC9zdmciPjwvc3ZnPg==\" style=\"--smush-placeholder-width: 55px; --smush-placeholder-aspect-ratio: 55\/56;\" \/><\/a>\u00a0 \u00a0 \u00a0<a href=\"\/documentations\/columbariums-it\"><img decoding=\"async\" data-src=\"https:\/\/columbarium.ch\/wp-content\/uploads\/2021\/01\/it.png\" width=\"55\" height=\"56\" alt=\"\" class=\"wp-image-215 alignnone size-full lazyload\" data-srcset=\"https:\/\/columbarium.ch\/wp-content\/uploads\/2021\/01\/it.png 274w, https:\/\/columbarium.ch\/wp-content\/uploads\/2021\/01\/it-150x150.png 150w, https:\/\/columbarium.ch\/wp-content\/uploads\/2021\/01\/it-12x12.png 12w\" data-sizes=\"(max-width: 55px) 100vw, 55px\" src=\"data:image\/svg+xml;base64,PHN2ZyB3aWR0aD0iMSIgaGVpZ2h0PSIxIiB4bWxucz0iaHR0cDovL3d3dy53My5vcmcvMjAwMC9zdmciPjwvc3ZnPg==\" style=\"--smush-placeholder-width: 55px; --smush-placeholder-aspect-ratio: 55\/56;\" \/><\/a><\/p>\n<p>[\/et_pb_text][\/et_pb_column][et_pb_column type=\u00a0\u00bb1_3&Prime; _builder_version=\u00a0\u00bb4.8.2&Prime; _module_preset=\u00a0\u00bbdefault\u00a0\u00bb][et_pb_image src=\u00a0\u00bbhttps:\/\/columbarium.ch\/wp-content\/uploads\/2021\/02\/MAUEL-2-scaled.jpg\u00a0\u00bb title_text=\u00a0\u00bbMAUEL-2&Prime; _builder_version=\u00a0\u00bb4.8.2&Prime; _module_preset=\u00a0\u00bbdefault\u00a0\u00bb][\/et_pb_image][et_pb_text _builder_version=\u00a0\u00bb4.8.2&Prime; _module_preset=\u00a0\u00bbdefault\u00a0\u00bb]<\/p>\n<p style=\"text-align: center;\"><a href=\"\/documentations\/tout-en-un-fr\"><img decoding=\"async\" data-src=\"https:\/\/columbarium.ch\/wp-content\/uploads\/2021\/01\/fr.png\" width=\"55\" height=\"56\" alt=\"\" class=\"wp-image-213 alignnone size-full lazyload\" data-srcset=\"https:\/\/columbarium.ch\/wp-content\/uploads\/2021\/01\/fr.png 274w, https:\/\/columbarium.ch\/wp-content\/uploads\/2021\/01\/fr-150x150.png 150w, https:\/\/columbarium.ch\/wp-content\/uploads\/2021\/01\/fr-12x12.png 12w\" data-sizes=\"(max-width: 55px) 100vw, 55px\" src=\"data:image\/svg+xml;base64,PHN2ZyB3aWR0aD0iMSIgaGVpZ2h0PSIxIiB4bWxucz0iaHR0cDovL3d3dy53My5vcmcvMjAwMC9zdmciPjwvc3ZnPg==\" style=\"--smush-placeholder-width: 55px; --smush-placeholder-aspect-ratio: 55\/56;\" \/><\/a>\u00a0 \u00a0 \u00a0<a href=\"\/documentations\/tout-en-un-de\"><img decoding=\"async\" data-src=\"https:\/\/columbarium.ch\/wp-content\/uploads\/2021\/01\/de.png\" width=\"55\" height=\"56\" alt=\"\" class=\"wp-image-212 alignnone size-full lazyload\" data-srcset=\"https:\/\/columbarium.ch\/wp-content\/uploads\/2021\/01\/de.png 274w, https:\/\/columbarium.ch\/wp-content\/uploads\/2021\/01\/de-150x150.png 150w, https:\/\/columbarium.ch\/wp-content\/uploads\/2021\/01\/de-12x12.png 12w\" data-sizes=\"(max-width: 55px) 100vw, 55px\" src=\"data:image\/svg+xml;base64,PHN2ZyB3aWR0aD0iMSIgaGVpZ2h0PSIxIiB4bWxucz0iaHR0cDovL3d3dy53My5vcmcvMjAwMC9zdmciPjwvc3ZnPg==\" style=\"--smush-placeholder-width: 55px; --smush-placeholder-aspect-ratio: 55\/56;\" \/><\/a>\u00a0 \u00a0 \u00a0<a href=\"\/documentations\/tout-en-un-it\"><img decoding=\"async\" data-src=\"https:\/\/columbarium.ch\/wp-content\/uploads\/2021\/01\/it.png\" width=\"55\" height=\"56\" alt=\"\" class=\"wp-image-215 alignnone size-full lazyload\" data-srcset=\"https:\/\/columbarium.ch\/wp-content\/uploads\/2021\/01\/it.png 274w, https:\/\/columbarium.ch\/wp-content\/uploads\/2021\/01\/it-150x150.png 150w, https:\/\/columbarium.ch\/wp-content\/uploads\/2021\/01\/it-12x12.png 12w\" data-sizes=\"(max-width: 55px) 100vw, 55px\" src=\"data:image\/svg+xml;base64,PHN2ZyB3aWR0aD0iMSIgaGVpZ2h0PSIxIiB4bWxucz0iaHR0cDovL3d3dy53My5vcmcvMjAwMC9zdmciPjwvc3ZnPg==\" style=\"--smush-placeholder-width: 55px; --smush-placeholder-aspect-ratio: 55\/56;\" \/><\/a><\/p>\n<p>[\/et_pb_text][\/et_pb_column][et_pb_column type=\u00a0\u00bb1_3&Prime; _builder_version=\u00a0\u00bb4.8.2&Prime; _module_preset=\u00a0\u00bbdefault\u00a0\u00bb][et_pb_image src=\u00a0\u00bbhttps:\/\/columbarium.ch\/wp-content\/uploads\/2021\/02\/MANUEL-3-scaled.jpg\u00a0\u00bb title_text=\u00a0\u00bbMANUEL-3&Prime; _builder_version=\u00a0\u00bb4.8.2&Prime; _module_preset=\u00a0\u00bbdefault\u00a0\u00bb][\/et_pb_image][et_pb_text _builder_version=\u00a0\u00bb4.8.2&Prime; _module_preset=\u00a0\u00bbdefault\u00a0\u00bb]<\/p>\n<p style=\"text-align: center;\"><a href=\"\/documentations\/sphera-fr\"><img decoding=\"async\" data-src=\"https:\/\/columbarium.ch\/wp-content\/uploads\/2021\/01\/fr.png\" width=\"55\" height=\"56\" alt=\"\" class=\"wp-image-213 alignnone size-full lazyload\" data-srcset=\"https:\/\/columbarium.ch\/wp-content\/uploads\/2021\/01\/fr.png 274w, https:\/\/columbarium.ch\/wp-content\/uploads\/2021\/01\/fr-150x150.png 150w, https:\/\/columbarium.ch\/wp-content\/uploads\/2021\/01\/fr-12x12.png 12w\" data-sizes=\"(max-width: 55px) 100vw, 55px\" src=\"data:image\/svg+xml;base64,PHN2ZyB3aWR0aD0iMSIgaGVpZ2h0PSIxIiB4bWxucz0iaHR0cDovL3d3dy53My5vcmcvMjAwMC9zdmciPjwvc3ZnPg==\" style=\"--smush-placeholder-width: 55px; --smush-placeholder-aspect-ratio: 55\/56;\" \/><\/a>\u00a0 \u00a0 \u00a0<a href=\"\/documentations\/sphera-de\"><img decoding=\"async\" data-src=\"https:\/\/columbarium.ch\/wp-content\/uploads\/2021\/01\/de.png\" width=\"55\" height=\"56\" alt=\"\" class=\"wp-image-212 alignnone size-full lazyload\" data-srcset=\"https:\/\/columbarium.ch\/wp-content\/uploads\/2021\/01\/de.png 274w, https:\/\/columbarium.ch\/wp-content\/uploads\/2021\/01\/de-150x150.png 150w, https:\/\/columbarium.ch\/wp-content\/uploads\/2021\/01\/de-12x12.png 12w\" data-sizes=\"(max-width: 55px) 100vw, 55px\" src=\"data:image\/svg+xml;base64,PHN2ZyB3aWR0aD0iMSIgaGVpZ2h0PSIxIiB4bWxucz0iaHR0cDovL3d3dy53My5vcmcvMjAwMC9zdmciPjwvc3ZnPg==\" style=\"--smush-placeholder-width: 55px; --smush-placeholder-aspect-ratio: 55\/56;\" \/><\/a>\u00a0 \u00a0 \u00a0<a href=\"\/documentations\/sphera-it\"><img decoding=\"async\" data-src=\"https:\/\/columbarium.ch\/wp-content\/uploads\/2021\/01\/it.png\" width=\"55\" height=\"56\" alt=\"\" class=\"wp-image-215 alignnone size-full lazyload\" data-srcset=\"https:\/\/columbarium.ch\/wp-content\/uploads\/2021\/01\/it.png 274w, https:\/\/columbarium.ch\/wp-content\/uploads\/2021\/01\/it-150x150.png 150w, https:\/\/columbarium.ch\/wp-content\/uploads\/2021\/01\/it-12x12.png 12w\" data-sizes=\"(max-width: 55px) 100vw, 55px\" src=\"data:image\/svg+xml;base64,PHN2ZyB3aWR0aD0iMSIgaGVpZ2h0PSIxIiB4bWxucz0iaHR0cDovL3d3dy53My5vcmcvMjAwMC9zdmciPjwvc3ZnPg==\" style=\"--smush-placeholder-width: 55px; --smush-placeholder-aspect-ratio: 55\/56;\" \/><\/a><\/p>\n<p>[\/et_pb_text][\/et_pb_column][\/et_pb_row][\/et_pb_section]<\/p>\n","protected":false},"excerpt":{"rendered":"<p>ALLES IN 1 \u2013 Italienische Version<div class=\"_df_book df-lite\" id=\"df_670\"  _slug=\"toutenun-it\" data-title=\"toutenun-it\" wpoptions=\"true\" thumbtype=\"\" ><\/div><script class=\"df-shortcode-script\" nowprocket type=\"application\/javascript\">window.option_df_670 = {\"outline\":[],\"autoEnableOutline\":\"false\",\"autoEnableThumbnail\":\"false\",\"overwritePDFOutline\":\"false\",\"direction\":\"1\",\"pageSize\":\"0\",\"source\":\"http:\\\/\\\/columbarium.ch\\\/wp-content\\\/uploads\\\/2021\\\/02\\\/IT-AFRT-Concetto-2-in-1.pdf\",\"wpOptions\":\"true\"}; if(window.DFLIP && window.DFLIP.parseBooks){window.DFLIP.parseBooks();}<\/script>UNSERE ANDEREN KATALOGE (klicken Sie auf die Flagge, die dem Handbuch entspricht, das Sie einsehen m\u00f6chten)\u00a0 \u00a0 \u00a0\u00a0 \u00a0 \u00a0\u00a0 \u00a0 \u00a0\u00a0 \u00a0 \u00a0\u00a0 \u00a0 \u00a0\u00a0 \u00a0 \u00a0<\/p>","protected":false},"author":1,"featured_media":0,"parent":27,"menu_order":41,"comment_status":"closed","ping_status":"closed","template":"","meta":{"_et_pb_use_builder":"on","_et_pb_old_content":"<!-- wp:divi\/placeholder \/-->","_et_gb_content_width":"","footnotes":""},"class_list":["post-586","page","type-page","status-publish","hentry"],"yoast_head":"<!-- This site is optimized with the Yoast SEO plugin v27.3 - https:\/\/yoast.com\/product\/yoast-seo-wordpress\/ -->\n<title>Columbariums, Jardins du Souvenir, Jardin des Ch\u00e9rubins, tout pour l&#039;am\u00e9nagement de vos cimeti\u00e8res<\/title>\n<meta name=\"description\" content=\"Votre sp\u00e9cialiste en am\u00e9nagements de cimeti\u00e8res, comprenant Columbariums (cases pour les urnes \/ niches murales ou au sol), Jardins du Souvenir, sans ou avec inscriptions, Jardin des Ch\u00e9rubins, Espaces cin\u00e9raires. Plus de 30 ans de collaboration avec les communes suisses\" \/>\n<meta name=\"robots\" content=\"index, follow, max-snippet:-1, max-image-preview:large, max-video-preview:-1\" \/>\n<link rel=\"canonical\" href=\"https:\/\/columbarium.ch\/de\/dokumentation\/alles-in-einem-2\/\" \/>\n<meta property=\"og:locale\" content=\"de_DE\" \/>\n<meta property=\"og:type\" content=\"article\" \/>\n<meta property=\"og:title\" content=\"Columbariums, Jardins du Souvenir, Jardin des Ch\u00e9rubins, tout pour l&#039;am\u00e9nagement de vos cimeti\u00e8res\" \/>\n<meta property=\"og:description\" content=\"Votre sp\u00e9cialiste en am\u00e9nagements de cimeti\u00e8res, comprenant Columbariums (cases pour les urnes \/ niches murales ou au sol), Jardins du Souvenir, sans ou avec inscriptions, Jardin des Ch\u00e9rubins, Espaces cin\u00e9raires. Plus de 30 ans de collaboration avec les communes suisses\" \/>\n<meta property=\"og:url\" content=\"https:\/\/columbarium.ch\/de\/dokumentation\/alles-in-einem-2\/\" \/>\n<meta property=\"og:site_name\" content=\"Columbarium\" \/>\n<meta property=\"article:modified_time\" content=\"2021-07-18T10:26:29+00:00\" \/>\n<meta property=\"og:image\" content=\"https:\/\/columbarium.ch\/wp-content\/uploads\/2021\/01\/fr.png\" \/>\n<meta name=\"twitter:card\" content=\"summary_large_image\" \/>\n<meta name=\"twitter:label1\" content=\"Gesch\u00e4tzte Lesezeit\" \/>\n\t<meta name=\"twitter:data1\" content=\"2\u00a0Minuten\" \/>\n<script type=\"application\/ld+json\" class=\"yoast-schema-graph\">{\"@context\":\"https:\\\/\\\/schema.org\",\"@graph\":[{\"@type\":\"WebPage\",\"@id\":\"https:\\\/\\\/columbarium.ch\\\/documentations\\\/tout-en-un-it\\\/\",\"url\":\"https:\\\/\\\/columbarium.ch\\\/documentations\\\/tout-en-un-it\\\/\",\"name\":\"Columbariums, Jardins du Souvenir, Jardin des Ch\u00e9rubins, tout pour l'am\u00e9nagement de vos cimeti\u00e8res\",\"isPartOf\":{\"@id\":\"https:\\\/\\\/columbarium.ch\\\/#website\"},\"primaryImageOfPage\":{\"@id\":\"https:\\\/\\\/columbarium.ch\\\/documentations\\\/tout-en-un-it\\\/#primaryimage\"},\"image\":{\"@id\":\"https:\\\/\\\/columbarium.ch\\\/documentations\\\/tout-en-un-it\\\/#primaryimage\"},\"thumbnailUrl\":\"https:\\\/\\\/columbarium.ch\\\/wp-content\\\/uploads\\\/2021\\\/01\\\/fr.png\",\"datePublished\":\"2021-02-13T00:03:59+00:00\",\"dateModified\":\"2021-07-18T10:26:29+00:00\",\"description\":\"Votre sp\u00e9cialiste en am\u00e9nagements de cimeti\u00e8res, comprenant Columbariums (cases pour les urnes \\\/ niches murales ou au sol), Jardins du Souvenir, sans ou avec inscriptions, Jardin des Ch\u00e9rubins, Espaces cin\u00e9raires. Plus de 30 ans de collaboration avec les communes suisses\",\"breadcrumb\":{\"@id\":\"https:\\\/\\\/columbarium.ch\\\/documentations\\\/tout-en-un-it\\\/#breadcrumb\"},\"inLanguage\":\"de\",\"potentialAction\":[{\"@type\":\"ReadAction\",\"target\":[\"https:\\\/\\\/columbarium.ch\\\/documentations\\\/tout-en-un-it\\\/\"]}]},{\"@type\":\"ImageObject\",\"inLanguage\":\"de\",\"@id\":\"https:\\\/\\\/columbarium.ch\\\/documentations\\\/tout-en-un-it\\\/#primaryimage\",\"url\":\"https:\\\/\\\/columbarium.ch\\\/wp-content\\\/uploads\\\/2021\\\/01\\\/fr.png\",\"contentUrl\":\"https:\\\/\\\/columbarium.ch\\\/wp-content\\\/uploads\\\/2021\\\/01\\\/fr.png\"},{\"@type\":\"BreadcrumbList\",\"@id\":\"https:\\\/\\\/columbarium.ch\\\/documentations\\\/tout-en-un-it\\\/#breadcrumb\",\"itemListElement\":[{\"@type\":\"ListItem\",\"position\":1,\"name\":\"Accueil\",\"item\":\"https:\\\/\\\/columbarium.ch\\\/\"},{\"@type\":\"ListItem\",\"position\":2,\"name\":\"documentations\",\"item\":\"https:\\\/\\\/columbarium.ch\\\/documentations\\\/\"},{\"@type\":\"ListItem\",\"position\":3,\"name\":\"tout-en-un-it\"}]},{\"@type\":\"WebSite\",\"@id\":\"https:\\\/\\\/columbarium.ch\\\/#website\",\"url\":\"https:\\\/\\\/columbarium.ch\\\/\",\"name\":\"Columbarium\",\"description\":\"Votre sp\u00e9cialiste en am\u00e9nagements de cimeti\u00e8res: columbarium, jardin du souvenir, jardin des ch\u00e9rubins, pour toutes les communes de Suisse\",\"publisher\":{\"@id\":\"https:\\\/\\\/columbarium.ch\\\/#organization\"},\"potentialAction\":[{\"@type\":\"SearchAction\",\"target\":{\"@type\":\"EntryPoint\",\"urlTemplate\":\"https:\\\/\\\/columbarium.ch\\\/?s={search_term_string}\"},\"query-input\":{\"@type\":\"PropertyValueSpecification\",\"valueRequired\":true,\"valueName\":\"search_term_string\"}}],\"inLanguage\":\"de\"},{\"@type\":\"Organization\",\"@id\":\"https:\\\/\\\/columbarium.ch\\\/#organization\",\"name\":\"Aux Arts Fun\u00e9raires\",\"url\":\"https:\\\/\\\/columbarium.ch\\\/\",\"logo\":{\"@type\":\"ImageObject\",\"inLanguage\":\"de\",\"@id\":\"https:\\\/\\\/columbarium.ch\\\/#\\\/schema\\\/logo\\\/image\\\/\",\"url\":\"https:\\\/\\\/columbarium.ch\\\/wp-content\\\/uploads\\\/2021\\\/01\\\/LG-K-aaf.png\",\"contentUrl\":\"https:\\\/\\\/columbarium.ch\\\/wp-content\\\/uploads\\\/2021\\\/01\\\/LG-K-aaf.png\",\"width\":469,\"height\":469,\"caption\":\"Aux Arts Fun\u00e9raires\"},\"image\":{\"@id\":\"https:\\\/\\\/columbarium.ch\\\/#\\\/schema\\\/logo\\\/image\\\/\"}}]}<\/script>\n<!-- \/ Yoast SEO plugin. -->","yoast_head_json":{"title":"Kolumbarien, Gedenkg\u00e4rten, Puttengarten, alles f\u00fcr die Entwicklung Ihrer Friedh\u00f6fe","description":"Ihr Spezialist f\u00fcr die Entwicklung von Friedh\u00f6fen, darunter Kolumbarien (Urnenk\u00e4sten \/ Wand- oder Bodennischen), Erinnerungsg\u00e4rten mit oder ohne Inschrift, Puttengarten, Grabst\u00e4tten. \u00dcber 30 Jahre Zusammenarbeit mit Schweizer Gemeinden","robots":{"index":"index","follow":"follow","max-snippet":"max-snippet:-1","max-image-preview":"max-image-preview:large","max-video-preview":"max-video-preview:-1"},"canonical":"https:\/\/columbarium.ch\/de\/dokumentation\/alles-in-einem-2\/","og_locale":"de_DE","og_type":"article","og_title":"Columbariums, Jardins du Souvenir, Jardin des Ch\u00e9rubins, tout pour l'am\u00e9nagement de vos cimeti\u00e8res","og_description":"Votre sp\u00e9cialiste en am\u00e9nagements de cimeti\u00e8res, comprenant Columbariums (cases pour les urnes \/ niches murales ou au sol), Jardins du Souvenir, sans ou avec inscriptions, Jardin des Ch\u00e9rubins, Espaces cin\u00e9raires. Plus de 30 ans de collaboration avec les communes suisses","og_url":"https:\/\/columbarium.ch\/de\/dokumentation\/alles-in-einem-2\/","og_site_name":"Columbarium","article_modified_time":"2021-07-18T10:26:29+00:00","og_image":[{"url":"https:\/\/columbarium.ch\/wp-content\/uploads\/2021\/01\/fr.png","type":"","width":"","height":""}],"twitter_card":"summary_large_image","twitter_misc":{"Gesch\u00e4tzte Lesezeit":"2\u00a0Minuten"},"schema":{"@context":"https:\/\/schema.org","@graph":[{"@type":"WebPage","@id":"https:\/\/columbarium.ch\/documentations\/tout-en-un-it\/","url":"https:\/\/columbarium.ch\/documentations\/tout-en-un-it\/","name":"Kolumbarien, Gedenkg\u00e4rten, Puttengarten, alles f\u00fcr die Entwicklung Ihrer Friedh\u00f6fe","isPartOf":{"@id":"https:\/\/columbarium.ch\/#website"},"primaryImageOfPage":{"@id":"https:\/\/columbarium.ch\/documentations\/tout-en-un-it\/#primaryimage"},"image":{"@id":"https:\/\/columbarium.ch\/documentations\/tout-en-un-it\/#primaryimage"},"thumbnailUrl":"https:\/\/columbarium.ch\/wp-content\/uploads\/2021\/01\/fr.png","datePublished":"2021-02-13T00:03:59+00:00","dateModified":"2021-07-18T10:26:29+00:00","description":"Ihr Spezialist f\u00fcr die Entwicklung von Friedh\u00f6fen, darunter Kolumbarien (Urnenk\u00e4sten \/ Wand- oder Bodennischen), Erinnerungsg\u00e4rten mit oder ohne Inschrift, Puttengarten, Grabst\u00e4tten. \u00dcber 30 Jahre Zusammenarbeit mit Schweizer Gemeinden","breadcrumb":{"@id":"https:\/\/columbarium.ch\/documentations\/tout-en-un-it\/#breadcrumb"},"inLanguage":"de","potentialAction":[{"@type":"ReadAction","target":["https:\/\/columbarium.ch\/documentations\/tout-en-un-it\/"]}]},{"@type":"ImageObject","inLanguage":"de","@id":"https:\/\/columbarium.ch\/documentations\/tout-en-un-it\/#primaryimage","url":"https:\/\/columbarium.ch\/wp-content\/uploads\/2021\/01\/fr.png","contentUrl":"https:\/\/columbarium.ch\/wp-content\/uploads\/2021\/01\/fr.png"},{"@type":"BreadcrumbList","@id":"https:\/\/columbarium.ch\/documentations\/tout-en-un-it\/#breadcrumb","itemListElement":[{"@type":"ListItem","position":1,"name":"Accueil","item":"https:\/\/columbarium.ch\/"},{"@type":"ListItem","position":2,"name":"documentations","item":"https:\/\/columbarium.ch\/documentations\/"},{"@type":"ListItem","position":3,"name":"tout-en-un-it"}]},{"@type":"WebSite","@id":"https:\/\/columbarium.ch\/#website","url":"https:\/\/columbarium.ch\/","name":"Kolumbarium","description":"Ihr Spezialist f\u00fcr die Planung von Friedh\u00f6fen: Kolumbarium, Gedenkgarten, Puttengarten, f\u00fcr alle Gemeinden der Schweiz","publisher":{"@id":"https:\/\/columbarium.ch\/#organization"},"potentialAction":[{"@type":"SearchAction","target":{"@type":"EntryPoint","urlTemplate":"https:\/\/columbarium.ch\/?s={search_term_string}"},"query-input":{"@type":"PropertyValueSpecification","valueRequired":true,"valueName":"search_term_string"}}],"inLanguage":"de"},{"@type":"Organization","@id":"https:\/\/columbarium.ch\/#organization","name":"Bestattungskunst","url":"https:\/\/columbarium.ch\/","logo":{"@type":"ImageObject","inLanguage":"de","@id":"https:\/\/columbarium.ch\/#\/schema\/logo\/image\/","url":"https:\/\/columbarium.ch\/wp-content\/uploads\/2021\/01\/LG-K-aaf.png","contentUrl":"https:\/\/columbarium.ch\/wp-content\/uploads\/2021\/01\/LG-K-aaf.png","width":469,"height":469,"caption":"Aux Arts Fun\u00e9raires"},"image":{"@id":"https:\/\/columbarium.ch\/#\/schema\/logo\/image\/"}}]}},"_links":{"self":[{"href":"https:\/\/columbarium.ch\/de\/wp-json\/wp\/v2\/pages\/586","targetHints":{"allow":["GET"]}}],"collection":[{"href":"https:\/\/columbarium.ch\/de\/wp-json\/wp\/v2\/pages"}],"about":[{"href":"https:\/\/columbarium.ch\/de\/wp-json\/wp\/v2\/types\/page"}],"author":[{"embeddable":true,"href":"https:\/\/columbarium.ch\/de\/wp-json\/wp\/v2\/users\/1"}],"replies":[{"embeddable":true,"href":"https:\/\/columbarium.ch\/de\/wp-json\/wp\/v2\/comments?post=586"}],"version-history":[{"count":5,"href":"https:\/\/columbarium.ch\/de\/wp-json\/wp\/v2\/pages\/586\/revisions"}],"predecessor-version":[{"id":1210,"href":"https:\/\/columbarium.ch\/de\/wp-json\/wp\/v2\/pages\/586\/revisions\/1210"}],"up":[{"embeddable":true,"href":"https:\/\/columbarium.ch\/de\/wp-json\/wp\/v2\/pages\/27"}],"wp:attachment":[{"href":"https:\/\/columbarium.ch\/de\/wp-json\/wp\/v2\/media?parent=586"}],"curies":[{"name":"wp","href":"https:\/\/api.w.org\/{rel}","templated":true}]}}